{"id":6271,"date":"2026-04-08T08:39:57","date_gmt":"2026-04-08T11:39:57","guid":{"rendered":"https:\/\/wssolar.com.br\/?post_type=product&#038;p=6271"},"modified":"2026-04-08T08:39:57","modified_gmt":"2026-04-08T11:39:57","slug":"kit-acampamento-e-pescaria-c-03-lampadas","status":"publish","type":"product","link":"https:\/\/wssolar.com.br\/en\/product\/kit-acampamento-e-pescaria-c-03-lampadas\/","title":{"rendered":"KIT ACAMPAMENTO E PESCARIA C\/ 03 LAMPADAS"},"content":{"rendered":"<h2 class=\"ui-pdp-description__title\" data-testid=\"title\">Descri\u00e7\u00e3o<\/h2>\n<p class=\"ui-pdp-description__content\" data-testid=\"content\">* Venha conhecer o nosso mais novo kit de ilumina\u00e7\u00e3o lan\u00e7amento que chegou para inovar o nosso mercado com produtos de \u00f3tima qualidade e baixo custo. * Nosso Produto possui a mais nova tecnologia que \u00e9 energia solar. * Agora voc\u00ea que mora em local que n\u00e3o tem energia el\u00e9trica ou gosta de fazer acampamentos chegou a hora de adquirir o seu KIT com mais de 6 fun\u00e7\u00f5es. * Nele possui as seguintes fun\u00e7\u00f5es; Armazenamento de energia para carregar o seu celular, possui r\u00e1dio Fm, MP e Bluetooth, Carregador, Gerador de energia para 3 l\u00e2mpadas de leds de 3w, Lanterna lampi\u00e3o. *Especifica\u00e7\u00f5es: &#8211; Fun\u00e7\u00e3o Bluetooth, USB e R\u00e1dio FM &#8211; 01 Entrada USB &#8211; 01 Entrada do Cart\u00e3o TF\/SD &#8211; 01 Entrada Micro USB 5V &#8211; 03 Sa\u00edda da l\u00e2mpada 4.2V &#8211; 01 Sa\u00edda USB 5V 2A &#8211; Bot\u00e3o liga e desliga l\u00e2mpada &#8211; 3 modos de luz: Luz forte\/fraca traseira e lanterna lateral &#8211; Com al\u00e7a para transporte &#8211; Carga do painel solar: 6V 3.5W 8h &#8211; Entrada DC: 3.7V 1000mAH &#8211; Incorpora\u00e7\u00e3o recarreg\u00e1vel Ada &#8211; Material: ABS + Componentes eletr\u00f4nicos &#8211; Bateria: 3.7V 3600mAh: Bateria Li-on com 500 ciclos de recarga &#8211; Faixa de aplica\u00e7\u00e3o: Bateria de carregamento 3-5V &#8211; Temperaturas de opera\u00e7\u00e3o: 0-40\u00b0C &#8211; Tempo de opera\u00e7\u00e3o: 3 L\u00e2mpadas LED: 4-5 horas &#8211; R\u00e1dio FM\/MP3 : 10-12 horas &#8211; Bluetooth *Dimens\u00f5es: &#8211; A: 22 X L: 10 X C: 28 cm -Peso: 1,9 kg * Itens inclusos: &#8211; Sistema de luz solar &#8211; L\u00e2mpada LED com entrada P4 &#8211; Cabo USB X Micro USB (V8) &#8211; Cabo USB com sa\u00eddas Micro USB (V8), Mini USB (V3) Tipo C e P4 (5,5 mm e 3 mm) &#8211; 2 Baterias 3.7V<\/p>","protected":false},"excerpt":{"rendered":"<p>Descri\u00e7\u00e3o * Venha conhecer o nosso mais novo kit de ilumina\u00e7\u00e3o lan\u00e7amento que chegou para inovar o nosso mercado com produtos de \u00f3tima qualidade e baixo custo. * Nosso Produto possui a mais nova tecnologia que \u00e9 energia solar. * Agora voc\u00ea que mora em local que n\u00e3o tem energia el\u00e9trica ou gosta de fazer [&hellip;]<\/p>\n","protected":false},"featured_media":6272,"comment_status":"closed","ping_status":"closed","template":"","meta":[],"product_brand":[465],"product_cat":[482],"product_tag":[],"class_list":{"0":"post-6271","1":"product","2":"type-product","3":"status-publish","4":"has-post-thumbnail","6":"product_brand-ws-solar","7":"product_cat-bateria-de-litio","9":"first","10":"instock","11":"shipping-taxable","12":"purchasable","13":"product-type-simple"},"yoast_head":"<!-- This site is optimized with the Yoast SEO plugin v27.4 - https:\/\/yoast.com\/product\/yoast-seo-wordpress\/ -->\n<title>KIT ACAMPAMENTO E PESCARIA C\/ 03 LAMPADAS - Ws Solar<\/title>\n<meta name=\"robots\" content=\"index, follow, max-snippet:-1, max-image-preview:large, max-video-preview:-1\" \/>\n<link rel=\"canonical\" href=\"https:\/\/wssolar.com.br\/en\/product\/kit-acampamento-e-pescaria-c-03-lampadas\/\" \/>\n<meta property=\"og:locale\" content=\"en_US\" \/>\n<meta property=\"og:type\" content=\"article\" \/>\n<meta property=\"og:title\" content=\"KIT ACAMPAMENTO E PESCARIA C\/ 03 LAMPADAS - Ws Solar\" \/>\n<meta property=\"og:description\" content=\"Descri\u00e7\u00e3o * Venha conhecer o nosso mais novo kit de ilumina\u00e7\u00e3o lan\u00e7amento que chegou para inovar o nosso mercado com produtos de \u00f3tima qualidade e baixo custo. * Nosso Produto possui a mais nova tecnologia que \u00e9 energia solar. * Agora voc\u00ea que mora em local que n\u00e3o tem energia el\u00e9trica ou gosta de fazer [&hellip;]\" \/>\n<meta property=\"og:url\" content=\"https:\/\/wssolar.com.br\/en\/product\/kit-acampamento-e-pescaria-c-03-lampadas\/\" \/>\n<meta property=\"og:site_name\" content=\"Ws Solar\" \/>\n<meta property=\"og:image\" content=\"https:\/\/wssolar.com.br\/wp-content\/uploads\/2026\/04\/827438748003572.jpg\" \/>\n\t<meta property=\"og:image:width\" content=\"640\" \/>\n\t<meta property=\"og:image:height\" content=\"640\" \/>\n\t<meta property=\"og:image:type\" content=\"image\/jpeg\" \/>\n<meta name=\"twitter:card\" content=\"summary_large_image\" \/>\n<meta name=\"twitter:label1\" content=\"Est. reading time\" \/>\n\t<meta name=\"twitter:data1\" content=\"2 minutes\" \/>\n<script type=\"application\/ld+json\" class=\"yoast-schema-graph\">{\"@context\":\"https:\\\/\\\/schema.org\",\"@graph\":[{\"@type\":\"WebPage\",\"@id\":\"https:\\\/\\\/wssolar.com.br\\\/produto\\\/kit-acampamento-e-pescaria-c-03-lampadas\\\/\",\"url\":\"https:\\\/\\\/wssolar.com.br\\\/produto\\\/kit-acampamento-e-pescaria-c-03-lampadas\\\/\",\"name\":\"KIT ACAMPAMENTO E PESCARIA C\\\/ 03 LAMPADAS - Ws Solar\",\"isPartOf\":{\"@id\":\"https:\\\/\\\/wssolar.com.br\\\/#website\"},\"primaryImageOfPage\":{\"@id\":\"https:\\\/\\\/wssolar.com.br\\\/produto\\\/kit-acampamento-e-pescaria-c-03-lampadas\\\/#primaryimage\"},\"image\":{\"@id\":\"https:\\\/\\\/wssolar.com.br\\\/produto\\\/kit-acampamento-e-pescaria-c-03-lampadas\\\/#primaryimage\"},\"thumbnailUrl\":\"https:\\\/\\\/wssolar.com.br\\\/wp-content\\\/uploads\\\/2026\\\/04\\\/827438748003572.jpg\",\"datePublished\":\"2026-04-08T11:39:57+00:00\",\"breadcrumb\":{\"@id\":\"https:\\\/\\\/wssolar.com.br\\\/produto\\\/kit-acampamento-e-pescaria-c-03-lampadas\\\/#breadcrumb\"},\"inLanguage\":\"en-US\",\"potentialAction\":[{\"@type\":\"ReadAction\",\"target\":[\"https:\\\/\\\/wssolar.com.br\\\/produto\\\/kit-acampamento-e-pescaria-c-03-lampadas\\\/\"]}]},{\"@type\":\"ImageObject\",\"inLanguage\":\"en-US\",\"@id\":\"https:\\\/\\\/wssolar.com.br\\\/produto\\\/kit-acampamento-e-pescaria-c-03-lampadas\\\/#primaryimage\",\"url\":\"https:\\\/\\\/wssolar.com.br\\\/wp-content\\\/uploads\\\/2026\\\/04\\\/827438748003572.jpg\",\"contentUrl\":\"https:\\\/\\\/wssolar.com.br\\\/wp-content\\\/uploads\\\/2026\\\/04\\\/827438748003572.jpg\",\"width\":640,\"height\":640},{\"@type\":\"BreadcrumbList\",\"@id\":\"https:\\\/\\\/wssolar.com.br\\\/produto\\\/kit-acampamento-e-pescaria-c-03-lampadas\\\/#breadcrumb\",\"itemListElement\":[{\"@type\":\"ListItem\",\"position\":1,\"name\":\"In\u00edcio\",\"item\":\"https:\\\/\\\/wssolar.com.br\\\/\"},{\"@type\":\"ListItem\",\"position\":2,\"name\":\"Shop\",\"item\":\"https:\\\/\\\/wssolar.com.br\\\/shop\\\/\"},{\"@type\":\"ListItem\",\"position\":3,\"name\":\"KIT ACAMPAMENTO E PESCARIA C\\\/ 03 LAMPADAS\"}]},{\"@type\":\"WebSite\",\"@id\":\"https:\\\/\\\/wssolar.com.br\\\/#website\",\"url\":\"https:\\\/\\\/wssolar.com.br\\\/\",\"name\":\"Ws Solar\",\"description\":\"Ws Solar\",\"publisher\":{\"@id\":\"https:\\\/\\\/wssolar.com.br\\\/#organization\"},\"potentialAction\":[{\"@type\":\"SearchAction\",\"target\":{\"@type\":\"EntryPoint\",\"urlTemplate\":\"https:\\\/\\\/wssolar.com.br\\\/?s={search_term_string}\"},\"query-input\":{\"@type\":\"PropertyValueSpecification\",\"valueRequired\":true,\"valueName\":\"search_term_string\"}}],\"inLanguage\":\"en-US\"},{\"@type\":\"Organization\",\"@id\":\"https:\\\/\\\/wssolar.com.br\\\/#organization\",\"name\":\"Ws Solar\",\"url\":\"https:\\\/\\\/wssolar.com.br\\\/\",\"logo\":{\"@type\":\"ImageObject\",\"inLanguage\":\"en-US\",\"@id\":\"https:\\\/\\\/wssolar.com.br\\\/#\\\/schema\\\/logo\\\/image\\\/\",\"url\":\"https:\\\/\\\/wssolar.com.br\\\/wp-content\\\/uploads\\\/2026\\\/02\\\/favicon-1.png\",\"contentUrl\":\"https:\\\/\\\/wssolar.com.br\\\/wp-content\\\/uploads\\\/2026\\\/02\\\/favicon-1.png\",\"width\":512,\"height\":512,\"caption\":\"Ws Solar\"},\"image\":{\"@id\":\"https:\\\/\\\/wssolar.com.br\\\/#\\\/schema\\\/logo\\\/image\\\/\"}}]}<\/script>\n<!-- \/ Yoast SEO plugin. -->","yoast_head_json":{"title":"KIT ACAMPAMENTO E PESCARIA C\/ 03 LAMPADAS - Ws Solar","robots":{"index":"index","follow":"follow","max-snippet":"max-snippet:-1","max-image-preview":"max-image-preview:large","max-video-preview":"max-video-preview:-1"},"canonical":"https:\/\/wssolar.com.br\/en\/product\/kit-acampamento-e-pescaria-c-03-lampadas\/","og_locale":"en_US","og_type":"article","og_title":"KIT ACAMPAMENTO E PESCARIA C\/ 03 LAMPADAS - Ws Solar","og_description":"Descri\u00e7\u00e3o * Venha conhecer o nosso mais novo kit de ilumina\u00e7\u00e3o lan\u00e7amento que chegou para inovar o nosso mercado com produtos de \u00f3tima qualidade e baixo custo. * Nosso Produto possui a mais nova tecnologia que \u00e9 energia solar. * Agora voc\u00ea que mora em local que n\u00e3o tem energia el\u00e9trica ou gosta de fazer [&hellip;]","og_url":"https:\/\/wssolar.com.br\/en\/product\/kit-acampamento-e-pescaria-c-03-lampadas\/","og_site_name":"Ws Solar","og_image":[{"width":640,"height":640,"url":"https:\/\/wssolar.com.br\/wp-content\/uploads\/2026\/04\/827438748003572.jpg","type":"image\/jpeg"}],"twitter_card":"summary_large_image","twitter_misc":{"Est. reading time":"2 minutes"},"schema":{"@context":"https:\/\/schema.org","@graph":[{"@type":"WebPage","@id":"https:\/\/wssolar.com.br\/produto\/kit-acampamento-e-pescaria-c-03-lampadas\/","url":"https:\/\/wssolar.com.br\/produto\/kit-acampamento-e-pescaria-c-03-lampadas\/","name":"KIT ACAMPAMENTO E PESCARIA C\/ 03 LAMPADAS - Ws Solar","isPartOf":{"@id":"https:\/\/wssolar.com.br\/#website"},"primaryImageOfPage":{"@id":"https:\/\/wssolar.com.br\/produto\/kit-acampamento-e-pescaria-c-03-lampadas\/#primaryimage"},"image":{"@id":"https:\/\/wssolar.com.br\/produto\/kit-acampamento-e-pescaria-c-03-lampadas\/#primaryimage"},"thumbnailUrl":"https:\/\/wssolar.com.br\/wp-content\/uploads\/2026\/04\/827438748003572.jpg","datePublished":"2026-04-08T11:39:57+00:00","breadcrumb":{"@id":"https:\/\/wssolar.com.br\/produto\/kit-acampamento-e-pescaria-c-03-lampadas\/#breadcrumb"},"inLanguage":"en-US","potentialAction":[{"@type":"ReadAction","target":["https:\/\/wssolar.com.br\/produto\/kit-acampamento-e-pescaria-c-03-lampadas\/"]}]},{"@type":"ImageObject","inLanguage":"en-US","@id":"https:\/\/wssolar.com.br\/produto\/kit-acampamento-e-pescaria-c-03-lampadas\/#primaryimage","url":"https:\/\/wssolar.com.br\/wp-content\/uploads\/2026\/04\/827438748003572.jpg","contentUrl":"https:\/\/wssolar.com.br\/wp-content\/uploads\/2026\/04\/827438748003572.jpg","width":640,"height":640},{"@type":"BreadcrumbList","@id":"https:\/\/wssolar.com.br\/produto\/kit-acampamento-e-pescaria-c-03-lampadas\/#breadcrumb","itemListElement":[{"@type":"ListItem","position":1,"name":"In\u00edcio","item":"https:\/\/wssolar.com.br\/"},{"@type":"ListItem","position":2,"name":"Shop","item":"https:\/\/wssolar.com.br\/shop\/"},{"@type":"ListItem","position":3,"name":"KIT ACAMPAMENTO E PESCARIA C\/ 03 LAMPADAS"}]},{"@type":"WebSite","@id":"https:\/\/wssolar.com.br\/#website","url":"https:\/\/wssolar.com.br\/","name":"Ws Solar","description":"Ws Solar","publisher":{"@id":"https:\/\/wssolar.com.br\/#organization"},"potentialAction":[{"@type":"SearchAction","target":{"@type":"EntryPoint","urlTemplate":"https:\/\/wssolar.com.br\/?s={search_term_string}"},"query-input":{"@type":"PropertyValueSpecification","valueRequired":true,"valueName":"search_term_string"}}],"inLanguage":"en-US"},{"@type":"Organization","@id":"https:\/\/wssolar.com.br\/#organization","name":"Ws Solar","url":"https:\/\/wssolar.com.br\/","logo":{"@type":"ImageObject","inLanguage":"en-US","@id":"https:\/\/wssolar.com.br\/#\/schema\/logo\/image\/","url":"https:\/\/wssolar.com.br\/wp-content\/uploads\/2026\/02\/favicon-1.png","contentUrl":"https:\/\/wssolar.com.br\/wp-content\/uploads\/2026\/02\/favicon-1.png","width":512,"height":512,"caption":"Ws Solar"},"image":{"@id":"https:\/\/wssolar.com.br\/#\/schema\/logo\/image\/"}}]}},"_links":{"self":[{"href":"https:\/\/wssolar.com.br\/en\/wp-json\/wp\/v2\/product\/6271","targetHints":{"allow":["GET"]}}],"collection":[{"href":"https:\/\/wssolar.com.br\/en\/wp-json\/wp\/v2\/product"}],"about":[{"href":"https:\/\/wssolar.com.br\/en\/wp-json\/wp\/v2\/types\/product"}],"replies":[{"embeddable":true,"href":"https:\/\/wssolar.com.br\/en\/wp-json\/wp\/v2\/comments?post=6271"}],"wp:featuredmedia":[{"embeddable":true,"href":"https:\/\/wssolar.com.br\/en\/wp-json\/wp\/v2\/media\/6272"}],"wp:attachment":[{"href":"https:\/\/wssolar.com.br\/en\/wp-json\/wp\/v2\/media?parent=6271"}],"wp:term":[{"taxonomy":"product_brand","embeddable":true,"href":"https:\/\/wssolar.com.br\/en\/wp-json\/wp\/v2\/product_brand?post=6271"},{"taxonomy":"product_cat","embeddable":true,"href":"https:\/\/wssolar.com.br\/en\/wp-json\/wp\/v2\/product_cat?post=6271"},{"taxonomy":"product_tag","embeddable":true,"href":"https:\/\/wssolar.com.br\/en\/wp-json\/wp\/v2\/product_tag?post=6271"}],"curies":[{"name":"wp","href":"https:\/\/api.w.org\/{rel}","templated":true}]}}