{"id":6142,"date":"2026-03-10T08:21:16","date_gmt":"2026-03-10T11:21:16","guid":{"rendered":"https:\/\/wssolar.com.br\/?post_type=product&#038;p=6142"},"modified":"2026-03-10T08:21:16","modified_gmt":"2026-03-10T11:21:16","slug":"controlador-carga-epever-pwm-ls051eu-5a-12v","status":"publish","type":"product","link":"https:\/\/wssolar.com.br\/en\/product\/controlador-carga-epever-pwm-ls051eu-5a-12v\/","title":{"rendered":"Controlador Carga Epever PWM LS051EU 5A 12V"},"content":{"rendered":"<h2 class=\"ui-pdp-description__title\" data-testid=\"title\">Descri\u00e7\u00e3o<\/h2>\n<p class=\"ui-pdp-description__content\" data-testid=\"content\">Controlador de Carga Solar PWM 5A Epever LS0512E 12V O controlador de carga e descarga LandStar LS0512E \u00e9 ideal para sistemas fotovoltaicos off-grid. Sua compensa\u00e7\u00e3o interna em rela\u00e7\u00e3o \u00e0 temperatura aumenta e conserva a vida \u00fatil da bateria. O controlador de carga da Epsolar, s\u00e9rie E de 5A\/12V, possui caracter\u00edsticas diferenciadas, dentre elas prote\u00e7\u00e3o contra sobrecarga, curto-circuito e invers\u00e3o de polaridade. Este modelo: &#8211; Funciona em 12Vcc &#8211; Algoritmo de carga da bateria por PWM (Pulse Width Modulation) de alta efici\u00eancia &#8211; Controla carga com corrente m\u00e1xima de 5A &#8211; Par\u00e2metros pr\u00e9-ajust\u00e1veis para baterias: selada, gel e ventilada &#8211; Compensa\u00e7\u00e3o de temperatura &#8211; Indicadores LED para estado de carga das baterias ESPECIFICA\u00c7\u00d5ES T\u00c9CNICAS Tens\u00e3o nominal do sistema: 12 VDC Tipo de Bateria: Selado (Padr\u00e3o) \/ Gel \/ Inundado Faixa de tens\u00e3o de entrada da bateria: 8 a 16V Corrente de carga nominal: 5A Corrente de descarga nominal: 5A M\u00e1x. Tens\u00e3o de circuito aberto fotovoltaico: 30V Tens\u00e3o de equaliza\u00e7\u00e3o: Selado: 14,6 V, Inundado: 14,8 V Tens\u00e3o de refor\u00e7o: Gel: 14,2 V, selado: 14,4 V, inundado: 14,6 V Tens\u00e3o flutuante: Gel \/ selado \/ inundado: 13,8 V Tens\u00e3o de reconex\u00e3o de baixa tens\u00e3o: Gel \/ selado \/ inundado: 12,6 V Tens\u00e3o de desconex\u00e3o de baixa tens\u00e3o: Gel \/ selado \/ inundado: 11,1 V Autoconsumo: 12V 5mA; 24V 7mA Compensa\u00e7\u00e3o de temperatura: -5mV \/ \u00b0C \/ 2V Umidade relativa: 95%, (NC) Gabinete: IP20 Aterramento: Positivo Comum Faixa de temperatura operacional: -35 \u00b0C a 50 \u00b0C Dimens\u00f5es: 109,7 mm \u00d7 65,5 mm \u00d7 20,8 mm Peso: 0,09 kg APLICA\u00c7\u00d5ES Telecomunica\u00e7\u00f5es Eletrifica\u00e7\u00f5es em \u00e1reas remotas Eletrifica\u00e7\u00e3o de resid\u00eancias de veraneio Ve\u00edculos de recrea\u00e7\u00e3o (lanchas, veleiros, trailers, etc.)<\/p>","protected":false},"excerpt":{"rendered":"<div style=\"width: 1200px;\" class=\"wp-video\"><video class=\"wp-video-shortcode\" id=\"video-6142-1\" width=\"1200\" height=\"675\" preload=\"metadata\" controls=\"controls\"><source type=\"video\/mp4\" src=\"https:\/\/wssolar.com.br\/wp-content\/uploads\/2026\/03\/Controladores-de-Carga-PWM-Epever.mp4?_=1\" \/><a href=\"https:\/\/wssolar.com.br\/wp-content\/uploads\/2026\/03\/Controladores-de-Carga-PWM-Epever.mp4\">https:\/\/wssolar.com.br\/wp-content\/uploads\/2026\/03\/Controladores-de-Carga-PWM-Epever.mp4<\/a><\/video><\/div>","protected":false},"featured_media":6143,"comment_status":"closed","ping_status":"closed","template":"","meta":[],"product_brand":[],"product_cat":[15],"product_tag":[],"class_list":{"0":"post-6142","1":"product","2":"type-product","3":"status-publish","4":"has-post-thumbnail","6":"product_cat-energia-solar","8":"first","9":"instock","10":"shipping-taxable","11":"purchasable","12":"product-type-simple"},"yoast_head":"<!-- This site is optimized with the Yoast SEO plugin v27.4 - https:\/\/yoast.com\/product\/yoast-seo-wordpress\/ -->\n<title>Controlador Carga Epever PWM LS051EU 5A 12V - Ws Solar<\/title>\n<meta name=\"robots\" content=\"index, follow, max-snippet:-1, max-image-preview:large, max-video-preview:-1\" \/>\n<link rel=\"canonical\" href=\"https:\/\/wssolar.com.br\/en\/product\/controlador-carga-epever-pwm-ls051eu-5a-12v\/\" \/>\n<meta property=\"og:locale\" content=\"en_US\" \/>\n<meta property=\"og:type\" content=\"article\" \/>\n<meta property=\"og:title\" content=\"Controlador Carga Epever PWM LS051EU 5A 12V - Ws Solar\" \/>\n<meta property=\"og:url\" content=\"https:\/\/wssolar.com.br\/en\/product\/controlador-carga-epever-pwm-ls051eu-5a-12v\/\" \/>\n<meta property=\"og:site_name\" content=\"Ws Solar\" \/>\n<meta property=\"og:image\" content=\"https:\/\/wssolar.com.br\/wp-content\/uploads\/2026\/03\/result_controlador_de_carga_epever_landstar_ls0512e_5a_12v_2__1.jpg\" \/>\n\t<meta property=\"og:image:width\" content=\"1080\" \/>\n\t<meta property=\"og:image:height\" content=\"1080\" \/>\n\t<meta property=\"og:image:type\" content=\"image\/jpeg\" \/>\n<meta name=\"twitter:card\" content=\"summary_large_image\" \/>\n<meta name=\"twitter:description\" content=\"[video width=&quot;1280&quot; height=&quot;720&quot; mp4=&quot;https:\/\/wssolar.com.br\/wp-content\/uploads\/2026\/03\/Controladores-de-Carga-PWM-Epever.mp4&quot;][\/video]\" \/>\n<meta name=\"twitter:label1\" content=\"Est. reading time\" \/>\n\t<meta name=\"twitter:data1\" content=\"2 minutes\" \/>\n<script type=\"application\/ld+json\" class=\"yoast-schema-graph\">{\"@context\":\"https:\\\/\\\/schema.org\",\"@graph\":[{\"@type\":\"WebPage\",\"@id\":\"https:\\\/\\\/wssolar.com.br\\\/produto\\\/controlador-carga-epever-pwm-ls051eu-5a-12v\\\/\",\"url\":\"https:\\\/\\\/wssolar.com.br\\\/produto\\\/controlador-carga-epever-pwm-ls051eu-5a-12v\\\/\",\"name\":\"Controlador Carga Epever PWM LS051EU 5A 12V - Ws Solar\",\"isPartOf\":{\"@id\":\"https:\\\/\\\/wssolar.com.br\\\/#website\"},\"primaryImageOfPage\":{\"@id\":\"https:\\\/\\\/wssolar.com.br\\\/produto\\\/controlador-carga-epever-pwm-ls051eu-5a-12v\\\/#primaryimage\"},\"image\":{\"@id\":\"https:\\\/\\\/wssolar.com.br\\\/produto\\\/controlador-carga-epever-pwm-ls051eu-5a-12v\\\/#primaryimage\"},\"thumbnailUrl\":\"https:\\\/\\\/wssolar.com.br\\\/wp-content\\\/uploads\\\/2026\\\/03\\\/result_controlador_de_carga_epever_landstar_ls0512e_5a_12v_2__1.jpg\",\"datePublished\":\"2026-03-10T11:21:16+00:00\",\"breadcrumb\":{\"@id\":\"https:\\\/\\\/wssolar.com.br\\\/produto\\\/controlador-carga-epever-pwm-ls051eu-5a-12v\\\/#breadcrumb\"},\"inLanguage\":\"en-US\",\"potentialAction\":[{\"@type\":\"ReadAction\",\"target\":[\"https:\\\/\\\/wssolar.com.br\\\/produto\\\/controlador-carga-epever-pwm-ls051eu-5a-12v\\\/\"]}]},{\"@type\":\"ImageObject\",\"inLanguage\":\"en-US\",\"@id\":\"https:\\\/\\\/wssolar.com.br\\\/produto\\\/controlador-carga-epever-pwm-ls051eu-5a-12v\\\/#primaryimage\",\"url\":\"https:\\\/\\\/wssolar.com.br\\\/wp-content\\\/uploads\\\/2026\\\/03\\\/result_controlador_de_carga_epever_landstar_ls0512e_5a_12v_2__1.jpg\",\"contentUrl\":\"https:\\\/\\\/wssolar.com.br\\\/wp-content\\\/uploads\\\/2026\\\/03\\\/result_controlador_de_carga_epever_landstar_ls0512e_5a_12v_2__1.jpg\",\"width\":1080,\"height\":1080},{\"@type\":\"BreadcrumbList\",\"@id\":\"https:\\\/\\\/wssolar.com.br\\\/produto\\\/controlador-carga-epever-pwm-ls051eu-5a-12v\\\/#breadcrumb\",\"itemListElement\":[{\"@type\":\"ListItem\",\"position\":1,\"name\":\"In\u00edcio\",\"item\":\"https:\\\/\\\/wssolar.com.br\\\/\"},{\"@type\":\"ListItem\",\"position\":2,\"name\":\"Shop\",\"item\":\"https:\\\/\\\/wssolar.com.br\\\/shop\\\/\"},{\"@type\":\"ListItem\",\"position\":3,\"name\":\"Controlador Carga Epever PWM LS051EU 5A 12V\"}]},{\"@type\":\"WebSite\",\"@id\":\"https:\\\/\\\/wssolar.com.br\\\/#website\",\"url\":\"https:\\\/\\\/wssolar.com.br\\\/\",\"name\":\"Ws Solar\",\"description\":\"Ws Solar\",\"publisher\":{\"@id\":\"https:\\\/\\\/wssolar.com.br\\\/#organization\"},\"potentialAction\":[{\"@type\":\"SearchAction\",\"target\":{\"@type\":\"EntryPoint\",\"urlTemplate\":\"https:\\\/\\\/wssolar.com.br\\\/?s={search_term_string}\"},\"query-input\":{\"@type\":\"PropertyValueSpecification\",\"valueRequired\":true,\"valueName\":\"search_term_string\"}}],\"inLanguage\":\"en-US\"},{\"@type\":\"Organization\",\"@id\":\"https:\\\/\\\/wssolar.com.br\\\/#organization\",\"name\":\"Ws Solar\",\"url\":\"https:\\\/\\\/wssolar.com.br\\\/\",\"logo\":{\"@type\":\"ImageObject\",\"inLanguage\":\"en-US\",\"@id\":\"https:\\\/\\\/wssolar.com.br\\\/#\\\/schema\\\/logo\\\/image\\\/\",\"url\":\"https:\\\/\\\/wssolar.com.br\\\/wp-content\\\/uploads\\\/2026\\\/02\\\/favicon-1.png\",\"contentUrl\":\"https:\\\/\\\/wssolar.com.br\\\/wp-content\\\/uploads\\\/2026\\\/02\\\/favicon-1.png\",\"width\":512,\"height\":512,\"caption\":\"Ws Solar\"},\"image\":{\"@id\":\"https:\\\/\\\/wssolar.com.br\\\/#\\\/schema\\\/logo\\\/image\\\/\"}}]}<\/script>\n<!-- \/ Yoast SEO plugin. -->","yoast_head_json":{"title":"Controlador Carga Epever PWM LS051EU 5A 12V - Ws Solar","robots":{"index":"index","follow":"follow","max-snippet":"max-snippet:-1","max-image-preview":"max-image-preview:large","max-video-preview":"max-video-preview:-1"},"canonical":"https:\/\/wssolar.com.br\/en\/product\/controlador-carga-epever-pwm-ls051eu-5a-12v\/","og_locale":"en_US","og_type":"article","og_title":"Controlador Carga Epever PWM LS051EU 5A 12V - Ws Solar","og_url":"https:\/\/wssolar.com.br\/en\/product\/controlador-carga-epever-pwm-ls051eu-5a-12v\/","og_site_name":"Ws Solar","og_image":[{"width":1080,"height":1080,"url":"https:\/\/wssolar.com.br\/wp-content\/uploads\/2026\/03\/result_controlador_de_carga_epever_landstar_ls0512e_5a_12v_2__1.jpg","type":"image\/jpeg"}],"twitter_card":"summary_large_image","twitter_description":"[video width=\"1280\" height=\"720\" mp4=\"https:\/\/wssolar.com.br\/wp-content\/uploads\/2026\/03\/Controladores-de-Carga-PWM-Epever.mp4\"][\/video]","twitter_misc":{"Est. reading time":"2 minutes"},"schema":{"@context":"https:\/\/schema.org","@graph":[{"@type":"WebPage","@id":"https:\/\/wssolar.com.br\/produto\/controlador-carga-epever-pwm-ls051eu-5a-12v\/","url":"https:\/\/wssolar.com.br\/produto\/controlador-carga-epever-pwm-ls051eu-5a-12v\/","name":"Controlador Carga Epever PWM LS051EU 5A 12V - Ws Solar","isPartOf":{"@id":"https:\/\/wssolar.com.br\/#website"},"primaryImageOfPage":{"@id":"https:\/\/wssolar.com.br\/produto\/controlador-carga-epever-pwm-ls051eu-5a-12v\/#primaryimage"},"image":{"@id":"https:\/\/wssolar.com.br\/produto\/controlador-carga-epever-pwm-ls051eu-5a-12v\/#primaryimage"},"thumbnailUrl":"https:\/\/wssolar.com.br\/wp-content\/uploads\/2026\/03\/result_controlador_de_carga_epever_landstar_ls0512e_5a_12v_2__1.jpg","datePublished":"2026-03-10T11:21:16+00:00","breadcrumb":{"@id":"https:\/\/wssolar.com.br\/produto\/controlador-carga-epever-pwm-ls051eu-5a-12v\/#breadcrumb"},"inLanguage":"en-US","potentialAction":[{"@type":"ReadAction","target":["https:\/\/wssolar.com.br\/produto\/controlador-carga-epever-pwm-ls051eu-5a-12v\/"]}]},{"@type":"ImageObject","inLanguage":"en-US","@id":"https:\/\/wssolar.com.br\/produto\/controlador-carga-epever-pwm-ls051eu-5a-12v\/#primaryimage","url":"https:\/\/wssolar.com.br\/wp-content\/uploads\/2026\/03\/result_controlador_de_carga_epever_landstar_ls0512e_5a_12v_2__1.jpg","contentUrl":"https:\/\/wssolar.com.br\/wp-content\/uploads\/2026\/03\/result_controlador_de_carga_epever_landstar_ls0512e_5a_12v_2__1.jpg","width":1080,"height":1080},{"@type":"BreadcrumbList","@id":"https:\/\/wssolar.com.br\/produto\/controlador-carga-epever-pwm-ls051eu-5a-12v\/#breadcrumb","itemListElement":[{"@type":"ListItem","position":1,"name":"In\u00edcio","item":"https:\/\/wssolar.com.br\/"},{"@type":"ListItem","position":2,"name":"Shop","item":"https:\/\/wssolar.com.br\/shop\/"},{"@type":"ListItem","position":3,"name":"Controlador Carga Epever PWM LS051EU 5A 12V"}]},{"@type":"WebSite","@id":"https:\/\/wssolar.com.br\/#website","url":"https:\/\/wssolar.com.br\/","name":"Ws Solar","description":"Ws Solar","publisher":{"@id":"https:\/\/wssolar.com.br\/#organization"},"potentialAction":[{"@type":"SearchAction","target":{"@type":"EntryPoint","urlTemplate":"https:\/\/wssolar.com.br\/?s={search_term_string}"},"query-input":{"@type":"PropertyValueSpecification","valueRequired":true,"valueName":"search_term_string"}}],"inLanguage":"en-US"},{"@type":"Organization","@id":"https:\/\/wssolar.com.br\/#organization","name":"Ws Solar","url":"https:\/\/wssolar.com.br\/","logo":{"@type":"ImageObject","inLanguage":"en-US","@id":"https:\/\/wssolar.com.br\/#\/schema\/logo\/image\/","url":"https:\/\/wssolar.com.br\/wp-content\/uploads\/2026\/02\/favicon-1.png","contentUrl":"https:\/\/wssolar.com.br\/wp-content\/uploads\/2026\/02\/favicon-1.png","width":512,"height":512,"caption":"Ws Solar"},"image":{"@id":"https:\/\/wssolar.com.br\/#\/schema\/logo\/image\/"}}]}},"_links":{"self":[{"href":"https:\/\/wssolar.com.br\/en\/wp-json\/wp\/v2\/product\/6142","targetHints":{"allow":["GET"]}}],"collection":[{"href":"https:\/\/wssolar.com.br\/en\/wp-json\/wp\/v2\/product"}],"about":[{"href":"https:\/\/wssolar.com.br\/en\/wp-json\/wp\/v2\/types\/product"}],"replies":[{"embeddable":true,"href":"https:\/\/wssolar.com.br\/en\/wp-json\/wp\/v2\/comments?post=6142"}],"wp:featuredmedia":[{"embeddable":true,"href":"https:\/\/wssolar.com.br\/en\/wp-json\/wp\/v2\/media\/6143"}],"wp:attachment":[{"href":"https:\/\/wssolar.com.br\/en\/wp-json\/wp\/v2\/media?parent=6142"}],"wp:term":[{"taxonomy":"product_brand","embeddable":true,"href":"https:\/\/wssolar.com.br\/en\/wp-json\/wp\/v2\/product_brand?post=6142"},{"taxonomy":"product_cat","embeddable":true,"href":"https:\/\/wssolar.com.br\/en\/wp-json\/wp\/v2\/product_cat?post=6142"},{"taxonomy":"product_tag","embeddable":true,"href":"https:\/\/wssolar.com.br\/en\/wp-json\/wp\/v2\/product_tag?post=6142"}],"curies":[{"name":"wp","href":"https:\/\/api.w.org\/{rel}","templated":true}]}}