{"id":5532,"date":"2026-02-11T18:02:57","date_gmt":"2026-02-11T21:02:57","guid":{"rendered":"https:\/\/loja.wssolarbrasil.com.br\/produto\/bomba-solar-submersa-indflo-24v-70mt\/"},"modified":"2026-03-11T13:22:33","modified_gmt":"2026-03-11T16:22:33","slug":"bomba-solar-submersa-indflo-24v-70mt","status":"publish","type":"product","link":"https:\/\/wssolar.com.br\/en\/product\/bomba-solar-submersa-indflo-24v-70mt\/","title":{"rendered":"BOMBA SOLAR SUBMERSA INDFLO 24V 70MT"},"content":{"rendered":"<div class=\"Y3BBE\" data-sfc-cp=\"\" data-sfc-cb=\"\" data-hveid=\"CAIQAA\" data-processed=\"true\" data-complete=\"true\">\n<p>A<\/p>\n<div class=\"Mat90e\" data-animation-atomic=\"\" data-wiz-uids=\"VWFCIe_f\" data-sfc-cb=\"\" data-complete=\"true\" data-sae=\"\">Bomba Solar Indflo 24V<\/div>\n<p><mark class=\"HxTRcb\" data-sfc-cb=\"\" data-complete=\"true\" data-processed=\"true\" data-sae=\"\">\u00e9 uma solu\u00e7\u00e3o submersa projetada para bombear \u00e1gua em locais sem acesso \u00e0 rede el\u00e9trica, como s\u00edtios e fazendas<\/mark>. Ela opera diretamente com pain\u00e9is solares, sem necessidade de baterias ou controladores complexos, sendo ideal para po\u00e7os de 4 polegadas ou maiores.<span class=\"uJ19be notranslate\" data-wiz-uids=\"VWFCIe_i,VWFCIe_j\" data-sfc-cb=\"\" data-complete=\"true\" data-processed=\"true\"><span class=\"vKEkVd\" data-animation-atomic=\"\" data-wiz-attrbind=\"class=VWFCIe_h\/TKHnVd\" data-sae=\"\"><span aria-hidden=\"true\">\u00a0<\/span><\/span><\/span><\/p>\n<div class=\"Fwa2Od\" data-animation-skip=\"\" data-sfc-cb=\"\" data-ved=\"2ahUKEwipy6SHpZWTAxXCHbkGHTlJLaEQ3s0SegQIAhAE\" data-complete=\"true\"><\/div>\n<\/div>\n<div class=\"Fsg96\" data-sfc-cp=\"\" data-sfc-cb=\"\" data-complete=\"true\" data-processed=\"true\"><\/div>\n<div class=\"otQkpb\" role=\"heading\" data-animation-nesting=\"\" data-sfc-cp=\"\" data-sfc-cb=\"\" data-complete=\"true\" data-processed=\"true\" data-sae=\"\">Especifica\u00e7\u00f5es T\u00e9cnicas (Modelo 150 a 390 L\/h)<\/div>\n<div class=\"Y3BBE\" data-sfc-cp=\"\" data-sfc-cb=\"\" data-hveid=\"CAQQAA\" data-complete=\"true\" data-processed=\"true\"><\/div>\n<ul class=\"KsbFXc U6u95\" data-sfc-cb=\"\" data-complete=\"true\" data-processed=\"true\">\n<li class=\"dF3vjf\" data-sfc-cb=\"\" data-hveid=\"CAUQAA\" data-complete=\"true\" data-sae=\"\"><span class=\"T286Pc\" data-sfc-cp=\"\" data-sfc-cb=\"\" data-complete=\"true\"><strong class=\"Yjhzub\" data-sfc-cb=\"\" data-complete=\"true\">Vaz\u00e3o:<\/strong>\u00a0Varia entre\u00a0<strong class=\"Yjhzub\" data-sfc-cb=\"\" data-complete=\"true\">150 a 390 litros por hora<\/strong>, dependendo da profundidade.<\/span><\/li>\n<li class=\"dF3vjf\" data-sfc-cb=\"\" data-hveid=\"CAUQAQ\" data-complete=\"true\" data-sae=\"\"><span class=\"T286Pc\" data-sfc-cp=\"\" data-sfc-cb=\"\" data-complete=\"true\"><strong class=\"Yjhzub\" data-sfc-cb=\"\" data-complete=\"true\">Altura Manom\u00e9trica M\u00e1xima (MCA):<\/strong>\u00a0Capaz de elevar a \u00e1gua a at\u00e9\u00a0<strong class=\"Yjhzub\" data-sfc-cb=\"\" data-complete=\"true\">70 metros<\/strong>.<\/span><\/li>\n<li class=\"dF3vjf\" data-sfc-cb=\"\" data-hveid=\"CAUQAg\" data-complete=\"true\" data-sae=\"\"><span class=\"T286Pc\" data-sfc-cp=\"\" data-sfc-cb=\"\" data-complete=\"true\"><strong class=\"Yjhzub\" data-sfc-cb=\"\" data-complete=\"true\">Tens\u00e3o:<\/strong>\u00a024V (Corrente Cont\u00ednua).<\/span><\/li>\n<li class=\"dF3vjf\" data-sfc-cb=\"\" data-hveid=\"CAUQAw\" data-complete=\"true\" data-sae=\"\"><span class=\"T286Pc\" data-sfc-cp=\"\" data-sfc-cb=\"\" data-complete=\"true\"><strong class=\"Yjhzub\" data-sfc-cb=\"\" data-complete=\"true\">Pot\u00eancia M\u00e1xima:<\/strong>\u00a0Aproximadamente\u00a0<strong class=\"Yjhzub\" data-sfc-cb=\"\" data-complete=\"true\">140W<\/strong>.<\/span><\/li>\n<li class=\"dF3vjf\" data-sfc-cb=\"\" data-hveid=\"CAUQBA\" data-complete=\"true\" data-sae=\"\"><span class=\"T286Pc\" data-sfc-cp=\"\" data-sfc-cb=\"\" data-complete=\"true\"><strong class=\"Yjhzub\" data-sfc-cb=\"\" data-complete=\"true\">Materiais:<\/strong>\u00a0Carca\u00e7a em\u00a0<strong class=\"Yjhzub\" data-sfc-cb=\"\" data-complete=\"true\">a\u00e7o inoxid\u00e1vel<\/strong>\u00a0resistente \u00e0 corros\u00e3o.<\/span><\/li>\n<li class=\"dF3vjf\" data-sfc-cb=\"\" data-hveid=\"CAUQBQ\" data-complete=\"true\" data-sae=\"\"><span class=\"T286Pc\" data-sfc-cp=\"\" data-sfc-cb=\"\" data-complete=\"true\"><strong class=\"Yjhzub\" data-sfc-cb=\"\" data-complete=\"true\">Prote\u00e7\u00e3o:<\/strong>\u00a0Suporta funcionamento a seco sem danos imediatos e possui prote\u00e7\u00e3o t\u00e9rmica contra superaquecimento.<\/span><\/li>\n<\/ul>","protected":false},"excerpt":{"rendered":"<p>A Bomba Solar Indflo 24V \u00e9 uma solu\u00e7\u00e3o submersa projetada para bombear \u00e1gua em locais sem acesso \u00e0 rede el\u00e9trica, como s\u00edtios e fazendas. Ela opera diretamente com pain\u00e9is solares, sem necessidade de baterias ou controladores complexos, sendo ideal para po\u00e7os de 4 polegadas ou maiores.\u00a0 Especifica\u00e7\u00f5es T\u00e9cnicas (Modelo 150 a 390 L\/h) Vaz\u00e3o:\u00a0Varia entre\u00a0150 [&hellip;]<\/p>\n","protected":false},"featured_media":6146,"comment_status":"open","ping_status":"closed","template":"","meta":[],"product_brand":[],"product_cat":[486],"product_tag":[],"class_list":{"0":"post-5532","1":"product","2":"type-product","3":"status-publish","4":"has-post-thumbnail","6":"product_cat-bomba-solar-submersa","8":"first","9":"instock","10":"shipping-taxable","11":"purchasable","12":"product-type-simple"},"yoast_head":"<!-- This site is optimized with the Yoast SEO plugin v27.4 - https:\/\/yoast.com\/product\/yoast-seo-wordpress\/ -->\n<title>BOMBA SOLAR SUBMERSA INDFLO 24V 70MT - Ws Solar<\/title>\n<meta name=\"robots\" content=\"index, follow, max-snippet:-1, max-image-preview:large, max-video-preview:-1\" \/>\n<link rel=\"canonical\" href=\"https:\/\/wssolar.com.br\/en\/product\/bomba-solar-submersa-indflo-24v-70mt\/\" \/>\n<meta property=\"og:locale\" content=\"en_US\" \/>\n<meta property=\"og:type\" content=\"article\" \/>\n<meta property=\"og:title\" content=\"BOMBA SOLAR SUBMERSA INDFLO 24V 70MT - Ws Solar\" \/>\n<meta property=\"og:description\" content=\"A Bomba Solar Indflo 24V \u00e9 uma solu\u00e7\u00e3o submersa projetada para bombear \u00e1gua em locais sem acesso \u00e0 rede el\u00e9trica, como s\u00edtios e fazendas. Ela opera diretamente com pain\u00e9is solares, sem necessidade de baterias ou controladores complexos, sendo ideal para po\u00e7os de 4 polegadas ou maiores.\u00a0 Especifica\u00e7\u00f5es T\u00e9cnicas (Modelo 150 a 390 L\/h) Vaz\u00e3o:\u00a0Varia entre\u00a0150 [&hellip;]\" \/>\n<meta property=\"og:url\" content=\"https:\/\/wssolar.com.br\/en\/product\/bomba-solar-submersa-indflo-24v-70mt\/\" \/>\n<meta property=\"og:site_name\" content=\"Ws Solar\" \/>\n<meta property=\"article:modified_time\" content=\"2026-03-11T16:22:33+00:00\" \/>\n<meta property=\"og:image\" content=\"https:\/\/wssolar.com.br\/wp-content\/uploads\/2026\/02\/result_WhatsApp-Image-2026-03-10-at-08.59.55-fotor-bg-remover-202603109114.png\" \/>\n\t<meta property=\"og:image:width\" content=\"1080\" \/>\n\t<meta property=\"og:image:height\" content=\"1080\" \/>\n\t<meta property=\"og:image:type\" content=\"image\/png\" \/>\n<meta name=\"twitter:card\" content=\"summary_large_image\" \/>\n<meta name=\"twitter:label1\" content=\"Est. reading time\" \/>\n\t<meta name=\"twitter:data1\" content=\"1 minute\" \/>\n<script type=\"application\/ld+json\" class=\"yoast-schema-graph\">{\"@context\":\"https:\\\/\\\/schema.org\",\"@graph\":[{\"@type\":\"WebPage\",\"@id\":\"https:\\\/\\\/wssolar.com.br\\\/produto\\\/bomba-solar-submersa-indflo-24v-70mt\\\/\",\"url\":\"https:\\\/\\\/wssolar.com.br\\\/produto\\\/bomba-solar-submersa-indflo-24v-70mt\\\/\",\"name\":\"BOMBA SOLAR SUBMERSA INDFLO 24V 70MT - Ws Solar\",\"isPartOf\":{\"@id\":\"https:\\\/\\\/wssolar.com.br\\\/#website\"},\"primaryImageOfPage\":{\"@id\":\"https:\\\/\\\/wssolar.com.br\\\/produto\\\/bomba-solar-submersa-indflo-24v-70mt\\\/#primaryimage\"},\"image\":{\"@id\":\"https:\\\/\\\/wssolar.com.br\\\/produto\\\/bomba-solar-submersa-indflo-24v-70mt\\\/#primaryimage\"},\"thumbnailUrl\":\"https:\\\/\\\/wssolar.com.br\\\/wp-content\\\/uploads\\\/2026\\\/02\\\/result_WhatsApp-Image-2026-03-10-at-08.59.55-fotor-bg-remover-202603109114.png\",\"datePublished\":\"2026-02-11T21:02:57+00:00\",\"dateModified\":\"2026-03-11T16:22:33+00:00\",\"breadcrumb\":{\"@id\":\"https:\\\/\\\/wssolar.com.br\\\/produto\\\/bomba-solar-submersa-indflo-24v-70mt\\\/#breadcrumb\"},\"inLanguage\":\"en-US\",\"potentialAction\":[{\"@type\":\"ReadAction\",\"target\":[\"https:\\\/\\\/wssolar.com.br\\\/produto\\\/bomba-solar-submersa-indflo-24v-70mt\\\/\"]}]},{\"@type\":\"ImageObject\",\"inLanguage\":\"en-US\",\"@id\":\"https:\\\/\\\/wssolar.com.br\\\/produto\\\/bomba-solar-submersa-indflo-24v-70mt\\\/#primaryimage\",\"url\":\"https:\\\/\\\/wssolar.com.br\\\/wp-content\\\/uploads\\\/2026\\\/02\\\/result_WhatsApp-Image-2026-03-10-at-08.59.55-fotor-bg-remover-202603109114.png\",\"contentUrl\":\"https:\\\/\\\/wssolar.com.br\\\/wp-content\\\/uploads\\\/2026\\\/02\\\/result_WhatsApp-Image-2026-03-10-at-08.59.55-fotor-bg-remover-202603109114.png\",\"width\":1080,\"height\":1080},{\"@type\":\"BreadcrumbList\",\"@id\":\"https:\\\/\\\/wssolar.com.br\\\/produto\\\/bomba-solar-submersa-indflo-24v-70mt\\\/#breadcrumb\",\"itemListElement\":[{\"@type\":\"ListItem\",\"position\":1,\"name\":\"In\u00edcio\",\"item\":\"https:\\\/\\\/wssolar.com.br\\\/\"},{\"@type\":\"ListItem\",\"position\":2,\"name\":\"Shop\",\"item\":\"https:\\\/\\\/wssolar.com.br\\\/shop\\\/\"},{\"@type\":\"ListItem\",\"position\":3,\"name\":\"BOMBA SOLAR SUBMERSA INDFLO 24V 70MT\"}]},{\"@type\":\"WebSite\",\"@id\":\"https:\\\/\\\/wssolar.com.br\\\/#website\",\"url\":\"https:\\\/\\\/wssolar.com.br\\\/\",\"name\":\"Ws Solar\",\"description\":\"Ws Solar\",\"publisher\":{\"@id\":\"https:\\\/\\\/wssolar.com.br\\\/#organization\"},\"potentialAction\":[{\"@type\":\"SearchAction\",\"target\":{\"@type\":\"EntryPoint\",\"urlTemplate\":\"https:\\\/\\\/wssolar.com.br\\\/?s={search_term_string}\"},\"query-input\":{\"@type\":\"PropertyValueSpecification\",\"valueRequired\":true,\"valueName\":\"search_term_string\"}}],\"inLanguage\":\"en-US\"},{\"@type\":\"Organization\",\"@id\":\"https:\\\/\\\/wssolar.com.br\\\/#organization\",\"name\":\"Ws Solar\",\"url\":\"https:\\\/\\\/wssolar.com.br\\\/\",\"logo\":{\"@type\":\"ImageObject\",\"inLanguage\":\"en-US\",\"@id\":\"https:\\\/\\\/wssolar.com.br\\\/#\\\/schema\\\/logo\\\/image\\\/\",\"url\":\"https:\\\/\\\/wssolar.com.br\\\/wp-content\\\/uploads\\\/2026\\\/02\\\/favicon-1.png\",\"contentUrl\":\"https:\\\/\\\/wssolar.com.br\\\/wp-content\\\/uploads\\\/2026\\\/02\\\/favicon-1.png\",\"width\":512,\"height\":512,\"caption\":\"Ws Solar\"},\"image\":{\"@id\":\"https:\\\/\\\/wssolar.com.br\\\/#\\\/schema\\\/logo\\\/image\\\/\"}}]}<\/script>\n<!-- \/ Yoast SEO plugin. -->","yoast_head_json":{"title":"BOMBA SOLAR SUBMERSA INDFLO 24V 70MT - Ws Solar","robots":{"index":"index","follow":"follow","max-snippet":"max-snippet:-1","max-image-preview":"max-image-preview:large","max-video-preview":"max-video-preview:-1"},"canonical":"https:\/\/wssolar.com.br\/en\/product\/bomba-solar-submersa-indflo-24v-70mt\/","og_locale":"en_US","og_type":"article","og_title":"BOMBA SOLAR SUBMERSA INDFLO 24V 70MT - Ws Solar","og_description":"A Bomba Solar Indflo 24V \u00e9 uma solu\u00e7\u00e3o submersa projetada para bombear \u00e1gua em locais sem acesso \u00e0 rede el\u00e9trica, como s\u00edtios e fazendas. Ela opera diretamente com pain\u00e9is solares, sem necessidade de baterias ou controladores complexos, sendo ideal para po\u00e7os de 4 polegadas ou maiores.\u00a0 Especifica\u00e7\u00f5es T\u00e9cnicas (Modelo 150 a 390 L\/h) Vaz\u00e3o:\u00a0Varia entre\u00a0150 [&hellip;]","og_url":"https:\/\/wssolar.com.br\/en\/product\/bomba-solar-submersa-indflo-24v-70mt\/","og_site_name":"Ws Solar","article_modified_time":"2026-03-11T16:22:33+00:00","og_image":[{"width":1080,"height":1080,"url":"https:\/\/wssolar.com.br\/wp-content\/uploads\/2026\/02\/result_WhatsApp-Image-2026-03-10-at-08.59.55-fotor-bg-remover-202603109114.png","type":"image\/png"}],"twitter_card":"summary_large_image","twitter_misc":{"Est. reading time":"1 minute"},"schema":{"@context":"https:\/\/schema.org","@graph":[{"@type":"WebPage","@id":"https:\/\/wssolar.com.br\/produto\/bomba-solar-submersa-indflo-24v-70mt\/","url":"https:\/\/wssolar.com.br\/produto\/bomba-solar-submersa-indflo-24v-70mt\/","name":"BOMBA SOLAR SUBMERSA INDFLO 24V 70MT - Ws Solar","isPartOf":{"@id":"https:\/\/wssolar.com.br\/#website"},"primaryImageOfPage":{"@id":"https:\/\/wssolar.com.br\/produto\/bomba-solar-submersa-indflo-24v-70mt\/#primaryimage"},"image":{"@id":"https:\/\/wssolar.com.br\/produto\/bomba-solar-submersa-indflo-24v-70mt\/#primaryimage"},"thumbnailUrl":"https:\/\/wssolar.com.br\/wp-content\/uploads\/2026\/02\/result_WhatsApp-Image-2026-03-10-at-08.59.55-fotor-bg-remover-202603109114.png","datePublished":"2026-02-11T21:02:57+00:00","dateModified":"2026-03-11T16:22:33+00:00","breadcrumb":{"@id":"https:\/\/wssolar.com.br\/produto\/bomba-solar-submersa-indflo-24v-70mt\/#breadcrumb"},"inLanguage":"en-US","potentialAction":[{"@type":"ReadAction","target":["https:\/\/wssolar.com.br\/produto\/bomba-solar-submersa-indflo-24v-70mt\/"]}]},{"@type":"ImageObject","inLanguage":"en-US","@id":"https:\/\/wssolar.com.br\/produto\/bomba-solar-submersa-indflo-24v-70mt\/#primaryimage","url":"https:\/\/wssolar.com.br\/wp-content\/uploads\/2026\/02\/result_WhatsApp-Image-2026-03-10-at-08.59.55-fotor-bg-remover-202603109114.png","contentUrl":"https:\/\/wssolar.com.br\/wp-content\/uploads\/2026\/02\/result_WhatsApp-Image-2026-03-10-at-08.59.55-fotor-bg-remover-202603109114.png","width":1080,"height":1080},{"@type":"BreadcrumbList","@id":"https:\/\/wssolar.com.br\/produto\/bomba-solar-submersa-indflo-24v-70mt\/#breadcrumb","itemListElement":[{"@type":"ListItem","position":1,"name":"In\u00edcio","item":"https:\/\/wssolar.com.br\/"},{"@type":"ListItem","position":2,"name":"Shop","item":"https:\/\/wssolar.com.br\/shop\/"},{"@type":"ListItem","position":3,"name":"BOMBA SOLAR SUBMERSA INDFLO 24V 70MT"}]},{"@type":"WebSite","@id":"https:\/\/wssolar.com.br\/#website","url":"https:\/\/wssolar.com.br\/","name":"Ws Solar","description":"Ws Solar","publisher":{"@id":"https:\/\/wssolar.com.br\/#organization"},"potentialAction":[{"@type":"SearchAction","target":{"@type":"EntryPoint","urlTemplate":"https:\/\/wssolar.com.br\/?s={search_term_string}"},"query-input":{"@type":"PropertyValueSpecification","valueRequired":true,"valueName":"search_term_string"}}],"inLanguage":"en-US"},{"@type":"Organization","@id":"https:\/\/wssolar.com.br\/#organization","name":"Ws Solar","url":"https:\/\/wssolar.com.br\/","logo":{"@type":"ImageObject","inLanguage":"en-US","@id":"https:\/\/wssolar.com.br\/#\/schema\/logo\/image\/","url":"https:\/\/wssolar.com.br\/wp-content\/uploads\/2026\/02\/favicon-1.png","contentUrl":"https:\/\/wssolar.com.br\/wp-content\/uploads\/2026\/02\/favicon-1.png","width":512,"height":512,"caption":"Ws Solar"},"image":{"@id":"https:\/\/wssolar.com.br\/#\/schema\/logo\/image\/"}}]}},"_links":{"self":[{"href":"https:\/\/wssolar.com.br\/en\/wp-json\/wp\/v2\/product\/5532","targetHints":{"allow":["GET"]}}],"collection":[{"href":"https:\/\/wssolar.com.br\/en\/wp-json\/wp\/v2\/product"}],"about":[{"href":"https:\/\/wssolar.com.br\/en\/wp-json\/wp\/v2\/types\/product"}],"replies":[{"embeddable":true,"href":"https:\/\/wssolar.com.br\/en\/wp-json\/wp\/v2\/comments?post=5532"}],"wp:featuredmedia":[{"embeddable":true,"href":"https:\/\/wssolar.com.br\/en\/wp-json\/wp\/v2\/media\/6146"}],"wp:attachment":[{"href":"https:\/\/wssolar.com.br\/en\/wp-json\/wp\/v2\/media?parent=5532"}],"wp:term":[{"taxonomy":"product_brand","embeddable":true,"href":"https:\/\/wssolar.com.br\/en\/wp-json\/wp\/v2\/product_brand?post=5532"},{"taxonomy":"product_cat","embeddable":true,"href":"https:\/\/wssolar.com.br\/en\/wp-json\/wp\/v2\/product_cat?post=5532"},{"taxonomy":"product_tag","embeddable":true,"href":"https:\/\/wssolar.com.br\/en\/wp-json\/wp\/v2\/product_tag?post=5532"}],"curies":[{"name":"wp","href":"https:\/\/api.w.org\/{rel}","templated":true}]}}