{"id":6154,"date":"2026-03-16T08:23:01","date_gmt":"2026-03-16T11:23:01","guid":{"rendered":"https:\/\/wssolar.com.br\/?page_id=6154"},"modified":"2026-03-16T08:51:10","modified_gmt":"2026-03-16T11:51:10","slug":"sorteio","status":"publish","type":"page","link":"https:\/\/wssolar.com.br\/en\/sorteio\/","title":{"rendered":"Sorteio"},"content":{"rendered":"<div data-elementor-type=\"wp-page\" data-elementor-id=\"6154\" class=\"elementor elementor-6154\" data-elementor-post-type=\"page\">\n\t\t\t\t<div class=\"elementor-element elementor-element-e41af6c e-flex e-con-boxed e-con e-parent\" data-id=\"e41af6c\" data-element_type=\"container\" data-e-type=\"container\">\n\t\t\t\t\t<div class=\"e-con-inner\">\n\t\t\t\t<div class=\"elementor-element elementor-element-b5ee5e3 elementor-widget elementor-widget-image\" data-id=\"b5ee5e3\" data-element_type=\"widget\" data-e-type=\"widget\" data-widget_type=\"image.default\">\n\t\t\t\t<div class=\"elementor-widget-container\">\n\t\t\t\t\t\t\t\t\t\t\t\t\t\t\t\t<a href=\"https:\/\/wssolar.com.br\/en\/sorteio\/\">\n\t\t\t\t\t\t\t<img fetchpriority=\"high\" decoding=\"async\" width=\"1920\" height=\"600\" src=\"https:\/\/wssolar.com.br\/wp-content\/uploads\/2026\/03\/BANNER-WS-SOLAR-CONCORRA-A-UM-AR-CONDICIONADO-1920-X-600-2.png\" class=\"attachment-full size-full wp-image-6160\" alt=\"\" srcset=\"https:\/\/wssolar.com.br\/wp-content\/uploads\/2026\/03\/BANNER-WS-SOLAR-CONCORRA-A-UM-AR-CONDICIONADO-1920-X-600-2.png 1920w, https:\/\/wssolar.com.br\/wp-content\/uploads\/2026\/03\/BANNER-WS-SOLAR-CONCORRA-A-UM-AR-CONDICIONADO-1920-X-600-2-350x109.png 350w, https:\/\/wssolar.com.br\/wp-content\/uploads\/2026\/03\/BANNER-WS-SOLAR-CONCORRA-A-UM-AR-CONDICIONADO-1920-X-600-2-595x186.png 595w, https:\/\/wssolar.com.br\/wp-content\/uploads\/2026\/03\/BANNER-WS-SOLAR-CONCORRA-A-UM-AR-CONDICIONADO-1920-X-600-2-150x47.png 150w, https:\/\/wssolar.com.br\/wp-content\/uploads\/2026\/03\/BANNER-WS-SOLAR-CONCORRA-A-UM-AR-CONDICIONADO-1920-X-600-2-768x240.png 768w, https:\/\/wssolar.com.br\/wp-content\/uploads\/2026\/03\/BANNER-WS-SOLAR-CONCORRA-A-UM-AR-CONDICIONADO-1920-X-600-2-1536x480.png 1536w, https:\/\/wssolar.com.br\/wp-content\/uploads\/2026\/03\/BANNER-WS-SOLAR-CONCORRA-A-UM-AR-CONDICIONADO-1920-X-600-2-18x6.png 18w, https:\/\/wssolar.com.br\/wp-content\/uploads\/2026\/03\/BANNER-WS-SOLAR-CONCORRA-A-UM-AR-CONDICIONADO-1920-X-600-2-450x141.png 450w\" sizes=\"(max-width: 1920px) 100vw, 1920px\" \/>\t\t\t\t\t\t\t\t<\/a>\n\t\t\t\t\t\t\t\t\t\t\t\t\t\t\t<\/div>\n\t\t\t\t<\/div>\n\t\t\t\t<div class=\"elementor-element elementor-element-ae4be49 elementor-widget elementor-widget-html\" data-id=\"ae4be49\" data-element_type=\"widget\" data-e-type=\"widget\" data-widget_type=\"html.default\">\n\t\t\t\t<div class=\"elementor-widget-container\">\n\t\t\t\t\t<style>\r\n    @import url('https:\/\/fonts.googleapis.com\/css2?family=Inter:wght@400;700;900&display=swap');\r\n    :root { --azul: #02227e; --amarelo: #ffc107; --branco: #ffffff; --borda: #e0e6ed; }\r\n    .ws-app-container { font-family: 'Inter', sans-serif; display: flex; justify-content: center; padding: 20px; }\r\n    .ws-mobile-view { width: 100%; max-width: 420px; background: var(--branco); border-radius: 40px; padding: 20px; box-shadow: 0 30px 60px rgba(0,0,0,0.1); }\r\n    \r\n    .ws-3d-card { background: linear-gradient(135deg, var(--azul) 0%, #0334c2 100%); border-radius: 25px; padding: 25px; display: flex; align-items: center; justify-content: space-between; margin-bottom: 25px; box-shadow: 0 10px 20px rgba(2,34,126,0.2); }\r\n    .ws-3d-text h2 { color: white; margin: 0; font-weight: 900; font-size: 22px; }\r\n    .ws-3d-text p { color: var(--amarelo); margin: 5px 0 0 0; font-size: 16px; font-weight: 900; text-transform: uppercase; letter-spacing: 1px; }\r\n    .ws-icon-3d { width: 80px; animation: float 3s ease-in-out infinite; }\r\n    @keyframes float { 0%, 100% { transform: translateY(0); } 50% { transform: translateY(-8px); } }\r\n\r\n    .ws-field-group { margin-bottom: 20px; }\r\n    .ws-label { font-weight: 700; color: var(--azul); font-size: 15px; margin-bottom: 10px; display: block; }\r\n    \r\n    .ws-pill-input { width: 100%; height: 55px; border-radius: 50px; border: 2px solid var(--borda); padding: 0 25px; font-size: 16px; color: var(--azul); font-weight: 600; box-sizing: border-box; background: #fafbfc; }\r\n    .ws-square-select { width: 100%; height: 55px; border-radius: 0px; border: 2px solid var(--borda); padding: 0 15px; font-size: 16px; color: var(--azul); font-weight: 600; background-color: #fafbfc; appearance: none; -webkit-appearance: none; background-image: url(\"data:image\/svg+xml,%3Csvg xmlns='http:\/\/www.w3.org\/2000\/svg' viewBox='0 0 24 24' fill='none' stroke='%2302227e' stroke-width='3' stroke-linecap='round' stroke-linejoin='round'%3E%3Cpath d='M6 9l6 6 6-6'\/%3E%3C\/svg%3E\"); background-repeat: no-repeat; background-position: right 15px center; background-size: 14px; }\r\n\r\n    .ws-btn-enviar { \r\n        background-color: #000000 !important; color: #ffffff !important; width: 100% !important; height: 65px !important; border-radius: 50px !important; border: none !important; font-size: 20px !important; font-weight: 800 !important; cursor: pointer !important; margin-top: 15px !important; box-shadow: 0 4px 0px #333333 !important; transition: 0.2s !important; display: block !important; text-transform: uppercase !important;\r\n    }\r\n    .ws-btn-enviar:active { transform: translateY(3px) !important; box-shadow: none !important; }\r\n    .ws-btn-enviar:disabled { opacity: 0.7 !important; cursor: not-allowed !important; }\r\n\r\n    #ws-popup-sucesso { display: none; position: fixed; top: 0; left: 0; width: 100%; height: 100%; background: rgba(2, 34, 126, 0.95); z-index: 99999; justify-content: center; align-items: center; padding: 20px; }\r\n    .ws-popup-content { background: white; padding: 40px 30px; border-radius: 35px; text-align: center; max-width: 350px; width: 100%; box-shadow: 0 25px 50px rgba(0,0,0,0.4); animation: popIn 0.4s cubic-bezier(0.175, 0.885, 0.32, 1.275); }\r\n    .ws-popup-content h3 { color: var(--azul); font-size: 30px; font-weight: 900; margin: 0 0 15px 0; }\r\n    .ws-popup-content p { color: #444; font-size: 17px; font-weight: 600; margin-bottom: 25px; line-height: 1.6; }\r\n    @keyframes popIn { from { transform: scale(0.8); opacity: 0; } to { transform: scale(1); opacity: 1; } }\r\n<\/style>\r\n\r\n<div class=\"ws-app-container\">\r\n    <div class=\"ws-mobile-view\">\r\n        <div class=\"ws-3d-card\">\r\n            <div class=\"ws-3d-text\">\r\n                <h2>WS SOLAR<\/h2>\r\n                <p>SORTEIO<\/p>\r\n            <\/div>\r\n            <div class=\"ws-icon-3d\">\r\n                <svg viewbox=\"0 0 200 200\" fill=\"none\" xmlns=\"http:\/\/www.w3.org\/2000\/svg\"><defs><filter id=\"s\" x=\"-20%\" y=\"-20%\" width=\"140%\" height=\"140%\"><fegaussianblur stddeviation=\"5\"\/><feoffset dx=\"5\" dy=\"5\"\/><\/filter><lineargradient id=\"g\" x1=\"0%\" y1=\"0%\" x2=\"100%\" y2=\"100%\"><stop offset=\"0%\" style=\"stop-color:#4a90e2\"\/><stop offset=\"100%\" style=\"stop-color:#02227e\"\/><\/lineargradient><\/defs><g filter=\"url(#s)\"><circle cx=\"160\" cy=\"40\" r=\"25\" fill=\"#ffc107\"\/><path d=\"M20 80 L120 60 L180 120 L80 150 Z\" fill=\"url(#g)\" stroke=\"white\" stroke-width=\"2\"\/><path d=\"M45 75 L105 145 M70 70 L130 140\" stroke=\"rgba(255,255,255,0.4)\" stroke-width=\"2\"\/><\/g><\/svg>\r\n            <\/div>\r\n        <\/div>\r\n        \r\n        <form id=\"ws-sorteio-form\" action=\"\">\r\n            <div class=\"ws-field-group\">\r\n                <label class=\"ws-label\">Nome Completo *<\/label>\r\n                <input type=\"text\" name=\"nome_completo\" class=\"ws-pill-input\" placeholder=\"Seu nome\" required>\r\n            <\/div>\r\n            \r\n            <div class=\"ws-field-group\">\r\n                <label class=\"ws-label\">Endere\u00e7o *<\/label>\r\n                <input type=\"text\" name=\"endereco\" class=\"ws-pill-input\" placeholder=\"Seu endere\u00e7o completo\" required>\r\n            <\/div>\r\n            \r\n            <div class=\"ws-field-group\">\r\n                <label class=\"ws-label\">Telefone\/Whatsapp *<\/label>\r\n                <input type=\"tel\" name=\"telefone\" class=\"ws-pill-input\" placeholder=\"(00) 00000-0000\" required>\r\n            <\/div>\r\n            \r\n            <div class=\"ws-field-group\">\r\n                <label class=\"ws-label\">Valor da conta de energia *<\/label>\r\n                <input type=\"text\" name=\"valor_conta\" class=\"ws-pill-input\" placeholder=\"Ex: R$ 350,00\" required>\r\n            <\/div>\r\n            \r\n            <div class=\"ws-field-group\">\r\n                <label class=\"ws-label\">J\u00e1 possui sistema de energia solar? *<\/label>\r\n                <select name=\"possui_sistema\" class=\"ws-square-select\" required>\r\n                    <option value=\"\" disabled selected>Selecione<\/option>\r\n                    <option value=\"Sim\">Sim<\/option>\r\n                    <option value=\"N\u00e3o\">N\u00e3o<\/option>\r\n                <\/select>\r\n            <\/div>\r\n            \r\n            <button type=\"submit\" id=\"ws-btn-text\" class=\"ws-btn-enviar\">PARTICIPAR<\/button>\r\n        <input type=\"hidden\" name=\"trp-form-language\" value=\"en\"\/><\/form>\r\n    <\/div>\r\n<\/div>\r\n\r\n<div id=\"ws-popup-sucesso\">\r\n    <div class=\"ws-popup-content\">\r\n        <h3>Boa sorte!<\/h3>\r\n        <p>Sua participa\u00e7\u00e3o no sorteio foi confirmada com sucesso!<\/p>\r\n        \r\n        <button style=\"background-color: #ffc216 !important; color: #02227e !important; border: none !important; width: 100% !important; height: 55px !important; border-radius: 5px !important; font-weight: 800 !important; font-size: 18px !important; cursor: pointer !important; text-transform: uppercase !important; display: block !important; margin: 0 auto !important;\" onclick=\"location.reload()\">ENTENDIDO<\/button>\r\n    <\/div>\r\n<\/div>\r\n\r\n<script>\r\ndocument.getElementById('ws-sorteio-form').addEventListener('submit', function(e) {\r\n    e.preventDefault();\r\n    const btn = document.getElementById('ws-btn-text');\r\n    btn.innerText = \"Processando...\";\r\n    btn.disabled = true;\r\n\r\n    const formData = new FormData(this);\r\n    \r\n    \/\/ 1. DISPARAR PARA O WHATSAPP\r\n    const nome = formData.get('nome_completo');\r\n    const endereco = formData.get('endereco');\r\n    const telefone = formData.get('telefone');\r\n    const valor = formData.get('valor_conta');\r\n    const possui = formData.get('possui_sistema');\r\n    \r\n    \/\/ Monta a mensagem que chegar\u00e1 no WhatsApp\r\n    const textoWa = `*Novo Participante do Sorteio - WS SOLAR*%0A%0A*Nome:* ${nome}%0A*Endere\u00e7o:* ${endereco}%0A*Telefone:* ${telefone}%0A*Valor da Conta:* ${valor}%0A*J\u00e1 possui energia solar:* ${possui}`;\r\n    const linkWhatsApp = `https:\/\/api.whatsapp.com\/send?phone=5537991451688&text=${textoWa}`;\r\n    \r\n    \/\/ Abre o WhatsApp numa nova aba\r\n    window.open(linkWhatsApp, '_blank');\r\n\r\n    \/\/ 2. DISPARAR PARA O E-MAIL (Via WordPress AJAX)\r\n    formData.append('action', 'enviar_sorteio_ws');\r\n    \r\n    fetch('\/wp-admin\/admin-ajax.php', { method: 'POST', body: formData })\r\n    .then(res => res.json())\r\n    .then(data => {\r\n        \/\/ Exibe o popup de sucesso\r\n        document.getElementById('ws-popup-sucesso').style.display = 'flex'; \r\n    })\r\n    .catch(() => {\r\n        \/\/ Mostra o popup mesmo em caso de falha silenciosa de rede\r\n        document.getElementById('ws-popup-sucesso').style.display = 'flex';\r\n    });\r\n});\r\n<\/script>\t\t\t\t<\/div>\n\t\t\t\t<\/div>\n\t\t\t\t\t<\/div>\n\t\t\t\t<\/div>\n\t\t\t\t<\/div>","protected":false},"excerpt":{"rendered":"<p>WS SOLAR SORTEIO Nome Completo * Endere\u00e7o * Telefone\/Whatsapp * Valor da conta de energia * J\u00e1 possui sistema de energia solar? * SelecioneSimN\u00e3o PARTICIPAR Boa sorte! Sua participa\u00e7\u00e3o no sorteio foi confirmada com sucesso! ENTENDIDO<\/p>","protected":false},"author":1,"featured_media":0,"parent":0,"menu_order":0,"comment_status":"closed","ping_status":"closed","template":"","meta":{"footnotes":""},"class_list":["post-6154","page","type-page","status-publish","hentry"],"yoast_head":"<!-- This site is optimized with the Yoast SEO plugin v27.4 - https:\/\/yoast.com\/product\/yoast-seo-wordpress\/ -->\n<title>Sorteio - Ws Solar<\/title>\n<meta name=\"robots\" content=\"index, follow, max-snippet:-1, max-image-preview:large, max-video-preview:-1\" \/>\n<link rel=\"canonical\" href=\"https:\/\/wssolar.com.br\/en\/sorteio\/\" \/>\n<meta property=\"og:locale\" content=\"en_US\" \/>\n<meta property=\"og:type\" content=\"article\" \/>\n<meta property=\"og:title\" content=\"Sorteio - Ws Solar\" \/>\n<meta property=\"og:description\" content=\"WS SOLAR SORTEIO Nome Completo * Endere\u00e7o * Telefone\/Whatsapp * Valor da conta de energia * J\u00e1 possui sistema de energia solar? * SelecioneSimN\u00e3o PARTICIPAR Boa sorte! Sua participa\u00e7\u00e3o no sorteio foi confirmada com sucesso! ENTENDIDO\" \/>\n<meta property=\"og:url\" content=\"https:\/\/wssolar.com.br\/en\/sorteio\/\" \/>\n<meta property=\"og:site_name\" content=\"Ws Solar\" \/>\n<meta property=\"article:modified_time\" content=\"2026-03-16T11:51:10+00:00\" \/>\n<meta property=\"og:image\" content=\"https:\/\/wssolar.com.br\/wp-content\/uploads\/2026\/03\/BANNER-WS-SOLAR-CONCORRA-A-UM-AR-CONDICIONADO-1920-X-600-2.png\" \/>\n\t<meta property=\"og:image:width\" content=\"1920\" \/>\n\t<meta property=\"og:image:height\" content=\"600\" \/>\n\t<meta property=\"og:image:type\" content=\"image\/png\" \/>\n<meta name=\"twitter:card\" content=\"summary_large_image\" \/>\n<meta name=\"twitter:label1\" content=\"Est. reading time\" \/>\n\t<meta name=\"twitter:data1\" content=\"1 minute\" \/>\n<script type=\"application\/ld+json\" class=\"yoast-schema-graph\">{\"@context\":\"https:\\\/\\\/schema.org\",\"@graph\":[{\"@type\":\"WebPage\",\"@id\":\"https:\\\/\\\/wssolar.com.br\\\/sorteio\\\/\",\"url\":\"https:\\\/\\\/wssolar.com.br\\\/sorteio\\\/\",\"name\":\"Sorteio - Ws Solar\",\"isPartOf\":{\"@id\":\"https:\\\/\\\/wssolar.com.br\\\/#website\"},\"primaryImageOfPage\":{\"@id\":\"https:\\\/\\\/wssolar.com.br\\\/sorteio\\\/#primaryimage\"},\"image\":{\"@id\":\"https:\\\/\\\/wssolar.com.br\\\/sorteio\\\/#primaryimage\"},\"thumbnailUrl\":\"https:\\\/\\\/wssolar.com.br\\\/wp-content\\\/uploads\\\/2026\\\/03\\\/BANNER-WS-SOLAR-CONCORRA-A-UM-AR-CONDICIONADO-1920-X-600-2.png\",\"datePublished\":\"2026-03-16T11:23:01+00:00\",\"dateModified\":\"2026-03-16T11:51:10+00:00\",\"breadcrumb\":{\"@id\":\"https:\\\/\\\/wssolar.com.br\\\/sorteio\\\/#breadcrumb\"},\"inLanguage\":\"en-US\",\"potentialAction\":[{\"@type\":\"ReadAction\",\"target\":[\"https:\\\/\\\/wssolar.com.br\\\/sorteio\\\/\"]}]},{\"@type\":\"ImageObject\",\"inLanguage\":\"en-US\",\"@id\":\"https:\\\/\\\/wssolar.com.br\\\/sorteio\\\/#primaryimage\",\"url\":\"https:\\\/\\\/wssolar.com.br\\\/wp-content\\\/uploads\\\/2026\\\/03\\\/BANNER-WS-SOLAR-CONCORRA-A-UM-AR-CONDICIONADO-1920-X-600-2.png\",\"contentUrl\":\"https:\\\/\\\/wssolar.com.br\\\/wp-content\\\/uploads\\\/2026\\\/03\\\/BANNER-WS-SOLAR-CONCORRA-A-UM-AR-CONDICIONADO-1920-X-600-2.png\"},{\"@type\":\"BreadcrumbList\",\"@id\":\"https:\\\/\\\/wssolar.com.br\\\/sorteio\\\/#breadcrumb\",\"itemListElement\":[{\"@type\":\"ListItem\",\"position\":1,\"name\":\"In\u00edcio\",\"item\":\"https:\\\/\\\/wssolar.com.br\\\/\"},{\"@type\":\"ListItem\",\"position\":2,\"name\":\"Sorteio\"}]},{\"@type\":\"WebSite\",\"@id\":\"https:\\\/\\\/wssolar.com.br\\\/#website\",\"url\":\"https:\\\/\\\/wssolar.com.br\\\/\",\"name\":\"Ws Solar\",\"description\":\"Ws Solar\",\"publisher\":{\"@id\":\"https:\\\/\\\/wssolar.com.br\\\/#organization\"},\"potentialAction\":[{\"@type\":\"SearchAction\",\"target\":{\"@type\":\"EntryPoint\",\"urlTemplate\":\"https:\\\/\\\/wssolar.com.br\\\/?s={search_term_string}\"},\"query-input\":{\"@type\":\"PropertyValueSpecification\",\"valueRequired\":true,\"valueName\":\"search_term_string\"}}],\"inLanguage\":\"en-US\"},{\"@type\":\"Organization\",\"@id\":\"https:\\\/\\\/wssolar.com.br\\\/#organization\",\"name\":\"Ws Solar\",\"url\":\"https:\\\/\\\/wssolar.com.br\\\/\",\"logo\":{\"@type\":\"ImageObject\",\"inLanguage\":\"en-US\",\"@id\":\"https:\\\/\\\/wssolar.com.br\\\/#\\\/schema\\\/logo\\\/image\\\/\",\"url\":\"https:\\\/\\\/wssolar.com.br\\\/wp-content\\\/uploads\\\/2026\\\/02\\\/favicon-1.png\",\"contentUrl\":\"https:\\\/\\\/wssolar.com.br\\\/wp-content\\\/uploads\\\/2026\\\/02\\\/favicon-1.png\",\"width\":512,\"height\":512,\"caption\":\"Ws Solar\"},\"image\":{\"@id\":\"https:\\\/\\\/wssolar.com.br\\\/#\\\/schema\\\/logo\\\/image\\\/\"}}]}<\/script>\n<!-- \/ Yoast SEO plugin. -->","yoast_head_json":{"title":"Sorteio - Ws Solar","robots":{"index":"index","follow":"follow","max-snippet":"max-snippet:-1","max-image-preview":"max-image-preview:large","max-video-preview":"max-video-preview:-1"},"canonical":"https:\/\/wssolar.com.br\/en\/sorteio\/","og_locale":"en_US","og_type":"article","og_title":"Sorteio - Ws Solar","og_description":"WS SOLAR SORTEIO Nome Completo * Endere\u00e7o * Telefone\/Whatsapp * Valor da conta de energia * J\u00e1 possui sistema de energia solar? * SelecioneSimN\u00e3o PARTICIPAR Boa sorte! Sua participa\u00e7\u00e3o no sorteio foi confirmada com sucesso! ENTENDIDO","og_url":"https:\/\/wssolar.com.br\/en\/sorteio\/","og_site_name":"Ws Solar","article_modified_time":"2026-03-16T11:51:10+00:00","og_image":[{"width":1920,"height":600,"url":"https:\/\/wssolar.com.br\/wp-content\/uploads\/2026\/03\/BANNER-WS-SOLAR-CONCORRA-A-UM-AR-CONDICIONADO-1920-X-600-2.png","type":"image\/png"}],"twitter_card":"summary_large_image","twitter_misc":{"Est. reading time":"1 minute"},"schema":{"@context":"https:\/\/schema.org","@graph":[{"@type":"WebPage","@id":"https:\/\/wssolar.com.br\/sorteio\/","url":"https:\/\/wssolar.com.br\/sorteio\/","name":"Sorteio - Ws Solar","isPartOf":{"@id":"https:\/\/wssolar.com.br\/#website"},"primaryImageOfPage":{"@id":"https:\/\/wssolar.com.br\/sorteio\/#primaryimage"},"image":{"@id":"https:\/\/wssolar.com.br\/sorteio\/#primaryimage"},"thumbnailUrl":"https:\/\/wssolar.com.br\/wp-content\/uploads\/2026\/03\/BANNER-WS-SOLAR-CONCORRA-A-UM-AR-CONDICIONADO-1920-X-600-2.png","datePublished":"2026-03-16T11:23:01+00:00","dateModified":"2026-03-16T11:51:10+00:00","breadcrumb":{"@id":"https:\/\/wssolar.com.br\/sorteio\/#breadcrumb"},"inLanguage":"en-US","potentialAction":[{"@type":"ReadAction","target":["https:\/\/wssolar.com.br\/sorteio\/"]}]},{"@type":"ImageObject","inLanguage":"en-US","@id":"https:\/\/wssolar.com.br\/sorteio\/#primaryimage","url":"https:\/\/wssolar.com.br\/wp-content\/uploads\/2026\/03\/BANNER-WS-SOLAR-CONCORRA-A-UM-AR-CONDICIONADO-1920-X-600-2.png","contentUrl":"https:\/\/wssolar.com.br\/wp-content\/uploads\/2026\/03\/BANNER-WS-SOLAR-CONCORRA-A-UM-AR-CONDICIONADO-1920-X-600-2.png"},{"@type":"BreadcrumbList","@id":"https:\/\/wssolar.com.br\/sorteio\/#breadcrumb","itemListElement":[{"@type":"ListItem","position":1,"name":"In\u00edcio","item":"https:\/\/wssolar.com.br\/"},{"@type":"ListItem","position":2,"name":"Sorteio"}]},{"@type":"WebSite","@id":"https:\/\/wssolar.com.br\/#website","url":"https:\/\/wssolar.com.br\/","name":"Ws Solar","description":"Ws Solar","publisher":{"@id":"https:\/\/wssolar.com.br\/#organization"},"potentialAction":[{"@type":"SearchAction","target":{"@type":"EntryPoint","urlTemplate":"https:\/\/wssolar.com.br\/?s={search_term_string}"},"query-input":{"@type":"PropertyValueSpecification","valueRequired":true,"valueName":"search_term_string"}}],"inLanguage":"en-US"},{"@type":"Organization","@id":"https:\/\/wssolar.com.br\/#organization","name":"Ws Solar","url":"https:\/\/wssolar.com.br\/","logo":{"@type":"ImageObject","inLanguage":"en-US","@id":"https:\/\/wssolar.com.br\/#\/schema\/logo\/image\/","url":"https:\/\/wssolar.com.br\/wp-content\/uploads\/2026\/02\/favicon-1.png","contentUrl":"https:\/\/wssolar.com.br\/wp-content\/uploads\/2026\/02\/favicon-1.png","width":512,"height":512,"caption":"Ws Solar"},"image":{"@id":"https:\/\/wssolar.com.br\/#\/schema\/logo\/image\/"}}]}},"_links":{"self":[{"href":"https:\/\/wssolar.com.br\/en\/wp-json\/wp\/v2\/pages\/6154","targetHints":{"allow":["GET"]}}],"collection":[{"href":"https:\/\/wssolar.com.br\/en\/wp-json\/wp\/v2\/pages"}],"about":[{"href":"https:\/\/wssolar.com.br\/en\/wp-json\/wp\/v2\/types\/page"}],"author":[{"embeddable":true,"href":"https:\/\/wssolar.com.br\/en\/wp-json\/wp\/v2\/users\/1"}],"replies":[{"embeddable":true,"href":"https:\/\/wssolar.com.br\/en\/wp-json\/wp\/v2\/comments?post=6154"}],"version-history":[{"count":16,"href":"https:\/\/wssolar.com.br\/en\/wp-json\/wp\/v2\/pages\/6154\/revisions"}],"predecessor-version":[{"id":6179,"href":"https:\/\/wssolar.com.br\/en\/wp-json\/wp\/v2\/pages\/6154\/revisions\/6179"}],"wp:attachment":[{"href":"https:\/\/wssolar.com.br\/en\/wp-json\/wp\/v2\/media?parent=6154"}],"curies":[{"name":"wp","href":"https:\/\/api.w.org\/{rel}","templated":true}]}}